{"id":27,"date":"2023-11-13T10:24:46","date_gmt":"2023-11-13T10:24:46","guid":{"rendered":"https:\/\/vaicorrertudobem.com\/content\/?page_id=27"},"modified":"2023-12-03T17:22:55","modified_gmt":"2023-12-03T17:22:55","slug":"conteudos-extra","status":"publish","type":"page","link":"https:\/\/vaicorrertudobem.com\/content\/conteudos-extra\/","title":{"rendered":"Conte\u00fados Extra"},"content":{"rendered":"<div data-component=\"HighlightSection\" data-background=\"https:\/\/vaicorrertudobem.com\/content\/wp-content\/uploads\/2023\/12\/solo_tentacle-SyncMap.00_10_56_09.Quadro001-1-scaled.jpg\" data-title=\"MODO VOO (2019)\" data-text-color=\"#ffffff\" data-description=\"Primeiro espet\u00e1culo de stand-up a solo de Guilherme Geirinhas, filmado no Teatro Tivoli BBVA, a 21 de Mar\u00e7o de 2019. Passaram mais de quatro anos e o autor n\u00e3o se rev\u00ea em nada do que disse.\" data-cta=\"Brevemente\" data-href=\"\" data-link-type=\"_blank\" style=\"width: 100%;padding: 5px;border: 1px solid\">\n    <img decoding=\"async\" style=\"width: 100%;height: 26vh;object-fit: cover\" src=\"https:\/\/vaicorrertudobem.com\/content\/wp-content\/uploads\/2023\/12\/solo_tentacle-SyncMap.00_10_56_09.Quadro001-1-scaled.jpg\" \/>\n    <h3>MODO VOO (2019)<\/h3>\n    <div>Primeiro espet\u00e1culo de stand-up a solo de Guilherme Geirinhas, filmado no Teatro Tivoli BBVA, a 21 de Mar\u00e7o de 2019. Passaram mais de quatro anos e o autor n\u00e3o se rev\u00ea em nada do que disse.<\/div>\n<\/div>\n\n<div data-component=\"ContentCarouselSection\" data-name=\"Conte\u00fados\" style=\"width: 100%;padding: 5px;border: 1px solid\">\n    <div>Conte\u00fados<\/div>\n    <div data-content=\"true\">\n<div data-component=\"VideoCard\" data-image=\"https:\/\/vaicorrertudobem.com\/content\/wp-content\/uploads\/2023\/12\/2.png\" data-title=\"CENAS CORTADAS (VAI CORRER TUDO BEM)\" data-href=\"\" data-target=\"_self\" data-is-active=\"Yes\" style=\"width: 100%;padding: 5px;border: 1px solid\">\n    <img decoding=\"async\" style=\"height: 20vh\" src=\"https:\/\/vaicorrertudobem.com\/content\/wp-content\/uploads\/2023\/12\/2.png\" \/><br \/>\n    <br \/>\n    CENAS CORTADAS (VAI CORRER TUDO BEM)<br \/>\n    Active: Yes\n<\/div>\n\n<div data-component=\"VideoCard\" data-image=\"https:\/\/vaicorrertudobem.com\/content\/wp-content\/uploads\/2023\/12\/1.png\" data-title=\"MAKING OF (VAI CORRER TUDO BEM)\" data-href=\"\" data-target=\"_blank\" data-is-active=\"Yes\" style=\"width: 100%;padding: 5px;border: 1px solid\">\n    <img decoding=\"async\" style=\"height: 20vh\" src=\"https:\/\/vaicorrertudobem.com\/content\/wp-content\/uploads\/2023\/12\/1.png\" \/><br \/>\n    <br \/>\n    MAKING OF (VAI CORRER TUDO BEM)<br \/>\n    Active: Yes\n<\/div>\n<\/div>\n<\/div>","protected":false},"excerpt":{"rendered":"","protected":false},"author":1,"featured_media":0,"parent":0,"menu_order":0,"comment_status":"closed","ping_status":"closed","template":"","meta":{"footnotes":""},"class_list":["post-27","page","type-page","status-publish","hentry","entry"],"yoast_head":"<!-- This site is optimized with the Yoast SEO plugin v21.5 - https:\/\/yoast.com\/wordpress\/plugins\/seo\/ -->\n<title>Conte\u00fados Extra | Vai Correr Tudo Bem<\/title>\n<meta name=\"robots\" content=\"index, follow, max-snippet:-1, max-image-preview:large, max-video-preview:-1\" \/>\n<link rel=\"canonical\" href=\"https:\/\/vaicorrertudobem.com\/content\/conteudos-extra\/\" \/>\n<meta property=\"og:locale\" content=\"pt_PT\" \/>\n<meta property=\"og:type\" content=\"article\" \/>\n<meta property=\"og:title\" content=\"Conte\u00fados Extra | Vai Correr Tudo Bem\" \/>\n<meta property=\"og:url\" content=\"https:\/\/vaicorrertudobem.com\/content\/conteudos-extra\/\" \/>\n<meta property=\"og:site_name\" content=\"Vai Correr Tudo Bem\" \/>\n<meta property=\"article:modified_time\" content=\"2023-12-03T17:22:55+00:00\" \/>\n<meta property=\"og:image\" content=\"https:\/\/vaicorrertudobem.com\/content\/wp-content\/uploads\/2023\/11\/thumbnail.jpeg\" \/>\n\t<meta property=\"og:image:width\" content=\"1600\" \/>\n\t<meta property=\"og:image:height\" content=\"1600\" \/>\n\t<meta property=\"og:image:type\" content=\"image\/jpeg\" \/>\n<meta name=\"twitter:card\" content=\"summary_large_image\" \/>\n<script type=\"application\/ld+json\" class=\"yoast-schema-graph\">{\"@context\":\"https:\/\/schema.org\",\"@graph\":[{\"@type\":\"WebPage\",\"@id\":\"https:\/\/vaicorrertudobem.com\/content\/conteudos-extra\/\",\"url\":\"https:\/\/vaicorrertudobem.com\/content\/conteudos-extra\/\",\"name\":\"Conte\u00fados Extra | Vai Correr Tudo Bem\",\"isPartOf\":{\"@id\":\"https:\/\/vaicorrertudobem.com\/content\/#website\"},\"datePublished\":\"2023-11-13T10:24:46+00:00\",\"dateModified\":\"2023-12-03T17:22:55+00:00\",\"breadcrumb\":{\"@id\":\"https:\/\/vaicorrertudobem.com\/content\/conteudos-extra\/#breadcrumb\"},\"inLanguage\":\"pt-PT\",\"potentialAction\":[{\"@type\":\"ReadAction\",\"target\":[\"https:\/\/vaicorrertudobem.com\/content\/conteudos-extra\/\"]}]},{\"@type\":\"BreadcrumbList\",\"@id\":\"https:\/\/vaicorrertudobem.com\/content\/conteudos-extra\/#breadcrumb\",\"itemListElement\":[{\"@type\":\"ListItem\",\"position\":1,\"name\":\"In\u00edcio\",\"item\":\"https:\/\/vaicorrertudobem.com\/content\/\"},{\"@type\":\"ListItem\",\"position\":2,\"name\":\"Conte\u00fados Extra\"}]},{\"@type\":\"WebSite\",\"@id\":\"https:\/\/vaicorrertudobem.com\/content\/#website\",\"url\":\"https:\/\/vaicorrertudobem.com\/content\/\",\"name\":\"Vai Correr Tudo Bem\",\"description\":\"\",\"publisher\":{\"@id\":\"https:\/\/vaicorrertudobem.com\/content\/#organization\"},\"potentialAction\":[{\"@type\":\"SearchAction\",\"target\":{\"@type\":\"EntryPoint\",\"urlTemplate\":\"https:\/\/vaicorrertudobem.com\/content\/?s={search_term_string}\"},\"query-input\":\"required name=search_term_string\"}],\"inLanguage\":\"pt-PT\"},{\"@type\":\"Organization\",\"@id\":\"https:\/\/vaicorrertudobem.com\/content\/#organization\",\"name\":\"Vai Correr Tudo Bem\",\"url\":\"https:\/\/vaicorrertudobem.com\/content\/\",\"logo\":{\"@type\":\"ImageObject\",\"inLanguage\":\"pt-PT\",\"@id\":\"https:\/\/vaicorrertudobem.com\/content\/#\/schema\/logo\/image\/\",\"url\":\"https:\/\/vaicorrertudobem.com\/content\/wp-content\/uploads\/2023\/11\/thumbnail.jpeg\",\"contentUrl\":\"https:\/\/vaicorrertudobem.com\/content\/wp-content\/uploads\/2023\/11\/thumbnail.jpeg\",\"width\":1600,\"height\":1600,\"caption\":\"Vai Correr Tudo Bem\"},\"image\":{\"@id\":\"https:\/\/vaicorrertudobem.com\/content\/#\/schema\/logo\/image\/\"}}]}<\/script>\n<!-- \/ Yoast SEO plugin. -->","yoast_head_json":{"title":"Conte\u00fados Extra | Vai Correr Tudo Bem","robots":{"index":"index","follow":"follow","max-snippet":"max-snippet:-1","max-image-preview":"max-image-preview:large","max-video-preview":"max-video-preview:-1"},"canonical":"https:\/\/vaicorrertudobem.com\/content\/conteudos-extra\/","og_locale":"pt_PT","og_type":"article","og_title":"Conte\u00fados Extra | Vai Correr Tudo Bem","og_url":"https:\/\/vaicorrertudobem.com\/content\/conteudos-extra\/","og_site_name":"Vai Correr Tudo Bem","article_modified_time":"2023-12-03T17:22:55+00:00","og_image":[{"width":1600,"height":1600,"url":"https:\/\/vaicorrertudobem.com\/content\/wp-content\/uploads\/2023\/11\/thumbnail.jpeg","type":"image\/jpeg"}],"twitter_card":"summary_large_image","schema":{"@context":"https:\/\/schema.org","@graph":[{"@type":"WebPage","@id":"https:\/\/vaicorrertudobem.com\/content\/conteudos-extra\/","url":"https:\/\/vaicorrertudobem.com\/content\/conteudos-extra\/","name":"Conte\u00fados Extra | Vai Correr Tudo Bem","isPartOf":{"@id":"https:\/\/vaicorrertudobem.com\/content\/#website"},"datePublished":"2023-11-13T10:24:46+00:00","dateModified":"2023-12-03T17:22:55+00:00","breadcrumb":{"@id":"https:\/\/vaicorrertudobem.com\/content\/conteudos-extra\/#breadcrumb"},"inLanguage":"pt-PT","potentialAction":[{"@type":"ReadAction","target":["https:\/\/vaicorrertudobem.com\/content\/conteudos-extra\/"]}]},{"@type":"BreadcrumbList","@id":"https:\/\/vaicorrertudobem.com\/content\/conteudos-extra\/#breadcrumb","itemListElement":[{"@type":"ListItem","position":1,"name":"In\u00edcio","item":"https:\/\/vaicorrertudobem.com\/content\/"},{"@type":"ListItem","position":2,"name":"Conte\u00fados Extra"}]},{"@type":"WebSite","@id":"https:\/\/vaicorrertudobem.com\/content\/#website","url":"https:\/\/vaicorrertudobem.com\/content\/","name":"Vai Correr Tudo Bem","description":"","publisher":{"@id":"https:\/\/vaicorrertudobem.com\/content\/#organization"},"potentialAction":[{"@type":"SearchAction","target":{"@type":"EntryPoint","urlTemplate":"https:\/\/vaicorrertudobem.com\/content\/?s={search_term_string}"},"query-input":"required name=search_term_string"}],"inLanguage":"pt-PT"},{"@type":"Organization","@id":"https:\/\/vaicorrertudobem.com\/content\/#organization","name":"Vai Correr Tudo Bem","url":"https:\/\/vaicorrertudobem.com\/content\/","logo":{"@type":"ImageObject","inLanguage":"pt-PT","@id":"https:\/\/vaicorrertudobem.com\/content\/#\/schema\/logo\/image\/","url":"https:\/\/vaicorrertudobem.com\/content\/wp-content\/uploads\/2023\/11\/thumbnail.jpeg","contentUrl":"https:\/\/vaicorrertudobem.com\/content\/wp-content\/uploads\/2023\/11\/thumbnail.jpeg","width":1600,"height":1600,"caption":"Vai Correr Tudo Bem"},"image":{"@id":"https:\/\/vaicorrertudobem.com\/content\/#\/schema\/logo\/image\/"}}]}},"_links":{"self":[{"href":"https:\/\/vaicorrertudobem.com\/content\/wp-json\/wp\/v2\/pages\/27","targetHints":{"allow":["GET"]}}],"collection":[{"href":"https:\/\/vaicorrertudobem.com\/content\/wp-json\/wp\/v2\/pages"}],"about":[{"href":"https:\/\/vaicorrertudobem.com\/content\/wp-json\/wp\/v2\/types\/page"}],"author":[{"embeddable":true,"href":"https:\/\/vaicorrertudobem.com\/content\/wp-json\/wp\/v2\/users\/1"}],"replies":[{"embeddable":true,"href":"https:\/\/vaicorrertudobem.com\/content\/wp-json\/wp\/v2\/comments?post=27"}],"version-history":[{"count":10,"href":"https:\/\/vaicorrertudobem.com\/content\/wp-json\/wp\/v2\/pages\/27\/revisions"}],"predecessor-version":[{"id":249,"href":"https:\/\/vaicorrertudobem.com\/content\/wp-json\/wp\/v2\/pages\/27\/revisions\/249"}],"wp:attachment":[{"href":"https:\/\/vaicorrertudobem.com\/content\/wp-json\/wp\/v2\/media?parent=27"}],"curies":[{"name":"wp","href":"https:\/\/api.w.org\/{rel}","templated":true}]}}